{"id":988,"date":"2022-05-26T12:39:41","date_gmt":"2022-05-26T10:39:41","guid":{"rendered":"https:\/\/dev.limoncol.com\/legal-conditions\/"},"modified":"2022-11-15T16:52:58","modified_gmt":"2022-11-15T15:52:58","slug":"legal-conditions","status":"publish","type":"page","link":"https:\/\/dev.limoncol.com\/en\/legal-conditions\/","title":{"rendered":"Legal Conditions"},"content":{"rendered":"\t\t<div data-elementor-type=\"wp-page\" data-elementor-id=\"988\" class=\"elementor elementor-988 elementor-773\">\n\t\t\t\t\t\t<section class=\"elementor-section elementor-top-section elementor-element elementor-element-7cd17b42 elementor-section-boxed elementor-section-height-default elementor-section-height-default elementor-invisible\" data-id=\"7cd17b42\" data-element_type=\"section\" data-settings=\"{&quot;animation&quot;:&quot;fadeIn&quot;}\">\n\t\t\t\t\t\t<div class=\"elementor-container elementor-column-gap-default\">\n\t\t\t\t\t<div class=\"elementor-column elementor-col-100 elementor-top-column elementor-element elementor-element-39c340bd\" data-id=\"39c340bd\" data-element_type=\"column\">\n\t\t\t<div class=\"elementor-widget-wrap elementor-element-populated\">\n\t\t\t\t\t\t<div class=\"elementor-element elementor-element-331fe51e elementor-invisible elementor-widget elementor-widget-heading\" data-id=\"331fe51e\" data-element_type=\"widget\" data-settings=\"{&quot;_animation&quot;:&quot;fadeInDown&quot;,&quot;_animation_delay&quot;:50}\" data-widget_type=\"heading.default\">\n\t\t\t\t<div class=\"elementor-widget-container\">\n\t\t\t\t\t<h1 class=\"elementor-heading-title elementor-size-default\">Legal Conditions<\/h1>\t\t\t\t<\/div>\n\t\t\t\t<\/div>\n\t\t\t\t\t<\/div>\n\t\t<\/div>\n\t\t\t\t\t<\/div>\n\t\t<\/section>\n\t\t\t\t<section class=\"elementor-section elementor-top-section elementor-element elementor-element-c48e5a7 elementor-section-boxed elementor-section-height-default elementor-section-height-default\" data-id=\"c48e5a7\" data-element_type=\"section\">\n\t\t\t\t\t\t<div class=\"elementor-container elementor-column-gap-default\">\n\t\t\t\t\t<div class=\"elementor-column elementor-col-100 elementor-top-column elementor-element elementor-element-82addbd\" data-id=\"82addbd\" data-element_type=\"column\">\n\t\t\t<div class=\"elementor-widget-wrap elementor-element-populated\">\n\t\t\t\t\t\t<div class=\"elementor-element elementor-element-f5ff58a elementor-widget elementor-widget-text-editor\" data-id=\"f5ff58a\" data-element_type=\"widget\" data-widget_type=\"text-editor.default\">\n\t\t\t\t<div class=\"elementor-widget-container\">\n\t\t\t\t\t\t\t\t\t<h3>Pol\u00edtica de privacidad de Limoncol<\/h3>\n<p>LIMONCOL se compromete a realizar sus m\u00e1ximos esfuerzos para cumplir en todo momento, en relaci\u00f3n con el tratamiento de datos que realice, con la legislaci\u00f3n vigente en materia de protecci\u00f3n de datos, actualmente el Reglamento General de Protecci\u00f3n de Datos (UE) N\u00ba 679\/2016.<\/p>\n<p>A continuaci\u00f3n, LIMONCOL informa a los USUARIOS sobre los t\u00e9rminos y condiciones en los que tratar\u00e1 sus datos de car\u00e1cter personal.<\/p>\n<h3>Responsable del tratamiento de los datos<\/h3>\n<p>LIMONCOL, S.L.<\/p>\n<p>CIF.- B-85069821<\/p>\n<p>c\/ Luis I, 60 \u2013 N71<\/p>\n<p>28031 Madrid<\/p>\n<p>limoncol@limoncol.com<\/p>\n<p>Tel.- 91 526 25 79<\/p>\n<p>TRATAMIENTO DE LOS DATOS DE LOS USUARIOS DEL FORMULARIO DE CONTACTO DE ESTA WEB<\/p>\n<h3>Responsable del tratamiento de los datos<\/h3>\n<p>1. Finalidad del tratamiento de los datos de los usuarios del formulario de contacto: Gestionar y atender las solicitudes de informaci\u00f3n y\/o consultas que los usuarios del formulario de contacto de la web nos env\u00eden. Gestionar el env\u00edo de la informaci\u00f3n que nos soliciten y, en los casos que proceda, facilitarles ofertas de los productos y\/o servicios de LIMONCOL de los que nos hayan manifestado su inter\u00e9s. LIMONCOL no tomar\u00e1 decisiones automatizadas en base a su perfil.<\/p>\n<p>2. Legitimaci\u00f3n para el tratamiento de los datos de los usuarios del formulario de contacto: consentimiento del interesado. La base legal para el tratamiento de los datos de los usuarios del formulario de contacto es la obtenci\u00f3n de su consentimiento, que nos ser\u00e1 prestado en caso y en el momento de cumplimentar y enviarnos el formulario de contacto cumplimentado.<\/p>\n<p>3. Per\u00edodo de conservaci\u00f3n de los datos de los usuarios del formulario de contacto de la web: Conservaremos los datos de los usuarios del formulario de contacto de la web, durante el plazo de cinco a\u00f1os a partir de la \u00faltima confirmaci\u00f3n de inter\u00e9s por su parte sobre nuestros productos o servicios, en tanto en cuanto no nos solicite la supresi\u00f3n de sus datos.<\/p>\n\t\t\t\t\t\t\t\t<\/div>\n\t\t\t\t<\/div>\n\t\t\t\t\t<\/div>\n\t\t<\/div>\n\t\t\t\t\t<\/div>\n\t\t<\/section>\n\t\t\t\t<\/div>\n\t\t","protected":false},"excerpt":{"rendered":"<p>Pol\u00edtica de privacidad de Limoncol LIMONCOL se compromete a realizar sus m\u00e1ximos esfuerzos para cumplir en todo momento, en relaci\u00f3n con el tratamiento de datos que realice, con la legislaci\u00f3n vigente en materia de protecci\u00f3n de datos, actualmente el Reglamento General de Protecci\u00f3n de Datos (UE) N\u00ba 679\/2016. A continuaci\u00f3n, LIMONCOL informa a los USUARIOS [&hellip;]<\/p>\n","protected":false},"author":1,"featured_media":0,"parent":0,"menu_order":10,"comment_status":"closed","ping_status":"closed","template":"","meta":{"footnotes":""},"class_list":["post-988","page","type-page","status-publish","hentry"],"yoast_head":"<!-- This site is optimized with the Yoast SEO plugin v26.5 - https:\/\/yoast.com\/wordpress\/plugins\/seo\/ -->\n<title>Legal Conditions - Limoncol<\/title>\n<meta name=\"robots\" content=\"noindex, follow, max-snippet:-1, max-image-preview:large, max-video-preview:-1\" \/>\n<meta property=\"og:locale\" content=\"en_US\" \/>\n<meta property=\"og:type\" content=\"article\" \/>\n<meta property=\"og:title\" content=\"Legal Conditions - Limoncol\" \/>\n<meta property=\"og:description\" content=\"Pol\u00edtica de privacidad de Limoncol LIMONCOL se compromete a realizar sus m\u00e1ximos esfuerzos para cumplir en todo momento, en relaci\u00f3n con el tratamiento de datos que realice, con la legislaci\u00f3n vigente en materia de protecci\u00f3n de datos, actualmente el Reglamento General de Protecci\u00f3n de Datos (UE) N\u00ba 679\/2016. A continuaci\u00f3n, LIMONCOL informa a los USUARIOS [&hellip;]\" \/>\n<meta property=\"og:url\" content=\"https:\/\/dev.limoncol.com\/en\/legal-conditions\/\" \/>\n<meta property=\"og:site_name\" content=\"Limoncol\" \/>\n<meta property=\"article:modified_time\" content=\"2022-11-15T15:52:58+00:00\" \/>\n<meta name=\"twitter:card\" content=\"summary_large_image\" \/>\n<meta name=\"twitter:label1\" content=\"Est. reading time\" \/>\n\t<meta name=\"twitter:data1\" content=\"2 minutes\" \/>\n<script type=\"application\/ld+json\" class=\"yoast-schema-graph\">{\"@context\":\"https:\/\/schema.org\",\"@graph\":[{\"@type\":\"WebPage\",\"@id\":\"https:\/\/dev.limoncol.com\/en\/legal-conditions\/\",\"url\":\"https:\/\/dev.limoncol.com\/en\/legal-conditions\/\",\"name\":\"Legal Conditions - Limoncol\",\"isPartOf\":{\"@id\":\"https:\/\/dev.limoncol.com\/en\/#website\"},\"datePublished\":\"2022-05-26T10:39:41+00:00\",\"dateModified\":\"2022-11-15T15:52:58+00:00\",\"breadcrumb\":{\"@id\":\"https:\/\/dev.limoncol.com\/en\/legal-conditions\/#breadcrumb\"},\"inLanguage\":\"en-US\",\"potentialAction\":[{\"@type\":\"ReadAction\",\"target\":[\"https:\/\/dev.limoncol.com\/en\/legal-conditions\/\"]}]},{\"@type\":\"BreadcrumbList\",\"@id\":\"https:\/\/dev.limoncol.com\/en\/legal-conditions\/#breadcrumb\",\"itemListElement\":[{\"@type\":\"ListItem\",\"position\":1,\"name\":\"Home\",\"item\":\"https:\/\/dev.limoncol.com\/en\/\"},{\"@type\":\"ListItem\",\"position\":2,\"name\":\"Legal Conditions\"}]},{\"@type\":\"WebSite\",\"@id\":\"https:\/\/dev.limoncol.com\/en\/#website\",\"url\":\"https:\/\/dev.limoncol.com\/en\/\",\"name\":\"Limoncol\",\"description\":\"\",\"potentialAction\":[{\"@type\":\"SearchAction\",\"target\":{\"@type\":\"EntryPoint\",\"urlTemplate\":\"https:\/\/dev.limoncol.com\/en\/?s={search_term_string}\"},\"query-input\":{\"@type\":\"PropertyValueSpecification\",\"valueRequired\":true,\"valueName\":\"search_term_string\"}}],\"inLanguage\":\"en-US\"}]}<\/script>\n<!-- \/ Yoast SEO plugin. -->","yoast_head_json":{"title":"Legal Conditions - Limoncol","robots":{"index":"noindex","follow":"follow","max-snippet":"max-snippet:-1","max-image-preview":"max-image-preview:large","max-video-preview":"max-video-preview:-1"},"og_locale":"en_US","og_type":"article","og_title":"Legal Conditions - Limoncol","og_description":"Pol\u00edtica de privacidad de Limoncol LIMONCOL se compromete a realizar sus m\u00e1ximos esfuerzos para cumplir en todo momento, en relaci\u00f3n con el tratamiento de datos que realice, con la legislaci\u00f3n vigente en materia de protecci\u00f3n de datos, actualmente el Reglamento General de Protecci\u00f3n de Datos (UE) N\u00ba 679\/2016. A continuaci\u00f3n, LIMONCOL informa a los USUARIOS [&hellip;]","og_url":"https:\/\/dev.limoncol.com\/en\/legal-conditions\/","og_site_name":"Limoncol","article_modified_time":"2022-11-15T15:52:58+00:00","twitter_card":"summary_large_image","twitter_misc":{"Est. reading time":"2 minutes"},"schema":{"@context":"https:\/\/schema.org","@graph":[{"@type":"WebPage","@id":"https:\/\/dev.limoncol.com\/en\/legal-conditions\/","url":"https:\/\/dev.limoncol.com\/en\/legal-conditions\/","name":"Legal Conditions - Limoncol","isPartOf":{"@id":"https:\/\/dev.limoncol.com\/en\/#website"},"datePublished":"2022-05-26T10:39:41+00:00","dateModified":"2022-11-15T15:52:58+00:00","breadcrumb":{"@id":"https:\/\/dev.limoncol.com\/en\/legal-conditions\/#breadcrumb"},"inLanguage":"en-US","potentialAction":[{"@type":"ReadAction","target":["https:\/\/dev.limoncol.com\/en\/legal-conditions\/"]}]},{"@type":"BreadcrumbList","@id":"https:\/\/dev.limoncol.com\/en\/legal-conditions\/#breadcrumb","itemListElement":[{"@type":"ListItem","position":1,"name":"Home","item":"https:\/\/dev.limoncol.com\/en\/"},{"@type":"ListItem","position":2,"name":"Legal Conditions"}]},{"@type":"WebSite","@id":"https:\/\/dev.limoncol.com\/en\/#website","url":"https:\/\/dev.limoncol.com\/en\/","name":"Limoncol","description":"","potentialAction":[{"@type":"SearchAction","target":{"@type":"EntryPoint","urlTemplate":"https:\/\/dev.limoncol.com\/en\/?s={search_term_string}"},"query-input":{"@type":"PropertyValueSpecification","valueRequired":true,"valueName":"search_term_string"}}],"inLanguage":"en-US"}]}},"_links":{"self":[{"href":"https:\/\/dev.limoncol.com\/en\/wp-json\/wp\/v2\/pages\/988","targetHints":{"allow":["GET"]}}],"collection":[{"href":"https:\/\/dev.limoncol.com\/en\/wp-json\/wp\/v2\/pages"}],"about":[{"href":"https:\/\/dev.limoncol.com\/en\/wp-json\/wp\/v2\/types\/page"}],"author":[{"embeddable":true,"href":"https:\/\/dev.limoncol.com\/en\/wp-json\/wp\/v2\/users\/1"}],"replies":[{"embeddable":true,"href":"https:\/\/dev.limoncol.com\/en\/wp-json\/wp\/v2\/comments?post=988"}],"version-history":[{"count":1,"href":"https:\/\/dev.limoncol.com\/en\/wp-json\/wp\/v2\/pages\/988\/revisions"}],"predecessor-version":[{"id":989,"href":"https:\/\/dev.limoncol.com\/en\/wp-json\/wp\/v2\/pages\/988\/revisions\/989"}],"wp:attachment":[{"href":"https:\/\/dev.limoncol.com\/en\/wp-json\/wp\/v2\/media?parent=988"}],"curies":[{"name":"wp","href":"https:\/\/api.w.org\/{rel}","templated":true}]}}